{"id":102,"date":"2022-08-20T23:04:16","date_gmt":"2022-08-20T23:04:16","guid":{"rendered":"http:\/\/legramonte.com.br\/?page_id=102"},"modified":"2026-05-01T14:29:09","modified_gmt":"2026-05-01T14:29:09","slug":"consulta-oracular","status":"publish","type":"page","link":"https:\/\/legramonte.com.br\/","title":{"rendered":"#consultasoraculares"},"content":{"rendered":"<p style=\"text-align: center;\"><span style=\"font-size: 14pt;\"><img fetchpriority=\"high\" decoding=\"async\" class=\"aligncenter size-large wp-image-1415\" src=\"https:\/\/legramonte.com.br\/wp-content\/uploads\/2026\/05\/a-13-765x1024.jpeg\" alt=\"\" width=\"625\" height=\"837\" srcset=\"https:\/\/legramonte.com.br\/wp-content\/uploads\/2026\/05\/a-13-765x1024.jpeg 765w, https:\/\/legramonte.com.br\/wp-content\/uploads\/2026\/05\/a-13-224x300.jpeg 224w, https:\/\/legramonte.com.br\/wp-content\/uploads\/2026\/05\/a-13-768x1029.jpeg 768w, https:\/\/legramonte.com.br\/wp-content\/uploads\/2026\/05\/a-13-149x200.jpeg 149w, https:\/\/legramonte.com.br\/wp-content\/uploads\/2026\/05\/a-13.jpeg 896w\" sizes=\"(max-width: 625px) 100vw, 625px\" \/><\/span><\/p>\n<p><span style=\"font-size: 14pt;\"><strong>Ol\u00e1 querida amiga, querido amigo!<\/strong><\/span><\/p>\n<p><span style=\"font-size: 14pt;\"><em>A todo momento somos solicitados a fazer escolhas que nos conduzir\u00e3o pelo caminho do prazer ou pelo caminho da dor. Como saber qual o melhor caminho a percorrer? Nesses momentos, poderemos dispor um instrumento m\u00e1gico, que nos auxiliar\u00e1 como um guia de luz para essa jornada: OS OR\u00c1CULOS (Tar\u00f4, Baralho Cigano, B\u00fazios, etc&#8230;).<\/em><\/span><\/p>\n<p><strong><span style=\"font-size: 14pt;\">Consulta: Tar\u00f4 ou Baralho Cigano<\/span><\/strong><br \/>\n<span style=\"font-size: 14pt;\">(Amor, Trabalho, Dinheiro, Sa\u00fade, Espiritualidade, etc&#8230;)<\/span><br \/>\n<span style=\"font-size: 14pt;\">60 minutos = R$120,00 (Geral Completa e Perguntas)<\/span><br \/>\n<span style=\"font-size: 14pt;\">30 minutos = R$60,00 (Geral R\u00e1pida e Perguntas)<\/span><br \/>\n<span style=\"font-size: 14pt;\">15 minutos = R$30,00 (Perguntas em geral)<\/span><br \/>\n<span style=\"font-size: 14pt;\">01 Pergunta = R$10,00<\/span><\/p>\n<p><span style=\"font-size: 14pt;\">Hor\u00e1rios:<\/span><br \/>\n<span style=\"font-size: 14pt;\">Seg. \u00e0 Sex.: 12h \u00e0s 22h | S\u00e1b.: 12h \u00e0s 18h<\/span><br \/>\n<span style=\"font-size: 14pt;\">O agendamento \u00e9 feito ap\u00f3s confirma\u00e7\u00e3o do pagamento!<\/span><\/p>\n<p><span style=\"font-size: 14pt;\">Atendimento por V\u00eddeo-confer\u00eancia ou Troca de Mensagens pelo Whatsapp! Voc\u00ea Escolhe!<\/span><\/p>\n<p><span style=\"font-size: 14pt;\">Ficou Alguma D\u00favida?<\/span><\/p>\n<hr \/>\n<p><strong><span style=\"font-size: 14pt;\">Consulta: B\u00daZIOS<\/span><\/strong><br \/>\n<span style=\"font-size: 14pt;\">Conhe\u00e7a seus Orix\u00e1s e ganhe uma limpeza da Aura!<\/span><br \/>\n<span style=\"font-size: 14pt;\">(Amor, Trabalho, Dinheiro, Sa\u00fade, Espiritualidade, etc&#8230;)<\/span><br \/>\n<span style=\"font-size: 14pt;\">60 minutos = R$150,00 (Geral Completa + Perguntas)<\/span><br \/>\n<span style=\"font-size: 14pt;\">30 minutos = R$75,00 (Geral R\u00e1pida + Perguntas)<\/span><\/p>\n<p><span style=\"font-size: 14pt;\">Hor\u00e1rios:<\/span><br \/>\n<span style=\"font-size: 14pt;\">Seg. \u00e0 Sex.: 12h \u00e0s 22h | S\u00e1b.: 12h \u00e0s 18h<\/span><br \/>\n<span style=\"font-size: 14pt;\">O agendamento \u00e9 feito ap\u00f3s confirma\u00e7\u00e3o do pagamento!<\/span><\/p>\n<p><span style=\"font-size: 14pt;\">Atendimento por V\u00eddeo-confer\u00eancia ou Troca de Mensagens pelo Whatsapp! Voc\u00ea Escolhe!<\/span><\/p>\n<p><span style=\"font-size: 14pt;\">Ficou Alguma D\u00favida?<\/span><\/p>\n<hr \/>\n<p><strong><span style=\"font-size: 14pt;\">1 Pergunta = R$10,00<\/span><\/strong><br \/>\n<span style=\"font-size: 14pt;\">A resposta \u00e9 direta e objetiva esclarecendo a quest\u00e3o feita, com foto e \u00e1udio.<\/span><br \/>\n<span style=\"font-size: 14pt;\">Mande a pergunta, com seu nome completo e data de nascimento.<\/span><br \/>\n<span style=\"font-size: 14pt;\">Assim que eu puder j\u00e1 te responder!<\/span><br \/>\n<span style=\"font-size: 14pt;\">PIX:\u00a0(16)98837-4843<\/span><br \/>\n<span style=\"font-size: 14pt;\">Evandro Ap. Mateus<\/span><br \/>\n<span style=\"font-size: 14pt;\">Mercado\u00a0Pago<\/span><\/p>\n<hr \/>\n<p style=\"text-align: center;\"><strong><em><span style=\"font-size: 14pt;\">Invista em voc\u00ea, pois voc\u00ea \u00e9 a pessoa mais importante da sua vida!\u00a0<\/span><\/em><\/strong><\/p>\n","protected":false},"excerpt":{"rendered":"<p>Ol\u00e1 querida amiga, querido amigo! A todo momento somos solicitados a fazer escolhas que nos conduzir\u00e3o pelo caminho do prazer ou pelo caminho da dor. Como saber qual o melhor caminho a percorrer? Nesses momentos, poderemos dispor um instrumento m\u00e1gico, que nos auxiliar\u00e1 como um guia de luz para essa jornada: OS OR\u00c1CULOS (Tar\u00f4, Baralho [&hellip;]<\/p>\n","protected":false},"author":1,"featured_media":0,"parent":0,"menu_order":1,"comment_status":"closed","ping_status":"closed","template":"","meta":{"footnotes":""},"class_list":["post-102","page","type-page","status-publish","hentry"],"_links":{"self":[{"href":"https:\/\/legramonte.com.br\/index.php\/wp-json\/wp\/v2\/pages\/102","targetHints":{"allow":["GET"]}}],"collection":[{"href":"https:\/\/legramonte.com.br\/index.php\/wp-json\/wp\/v2\/pages"}],"about":[{"href":"https:\/\/legramonte.com.br\/index.php\/wp-json\/wp\/v2\/types\/page"}],"author":[{"embeddable":true,"href":"https:\/\/legramonte.com.br\/index.php\/wp-json\/wp\/v2\/users\/1"}],"replies":[{"embeddable":true,"href":"https:\/\/legramonte.com.br\/index.php\/wp-json\/wp\/v2\/comments?post=102"}],"version-history":[{"count":42,"href":"https:\/\/legramonte.com.br\/index.php\/wp-json\/wp\/v2\/pages\/102\/revisions"}],"predecessor-version":[{"id":1416,"href":"https:\/\/legramonte.com.br\/index.php\/wp-json\/wp\/v2\/pages\/102\/revisions\/1416"}],"wp:attachment":[{"href":"https:\/\/legramonte.com.br\/index.php\/wp-json\/wp\/v2\/media?parent=102"}],"curies":[{"name":"wp","href":"https:\/\/api.w.org\/{rel}","templated":true}]}}