{"id":106,"date":"2022-08-20T23:13:58","date_gmt":"2022-08-20T23:13:58","guid":{"rendered":"http:\/\/legramonte.com.br\/?page_id=106"},"modified":"2025-12-06T17:52:50","modified_gmt":"2025-12-06T17:52:50","slug":"tratamento-espiritual","status":"publish","type":"page","link":"https:\/\/legramonte.com.br\/index.php\/tratamento-espiritual\/","title":{"rendered":"#tratamentosespirituais"},"content":{"rendered":"<h1 style=\"text-align: center;\"><img fetchpriority=\"high\" decoding=\"async\" class=\"aligncenter wp-image-1083 size-large\" src=\"https:\/\/legramonte.com.br\/wp-content\/uploads\/2025\/12\/header_image_corrected-1024x304.png\" alt=\"\" width=\"625\" height=\"186\" srcset=\"https:\/\/legramonte.com.br\/wp-content\/uploads\/2025\/12\/header_image_corrected-1024x304.png 1024w, https:\/\/legramonte.com.br\/wp-content\/uploads\/2025\/12\/header_image_corrected-300x89.png 300w, https:\/\/legramonte.com.br\/wp-content\/uploads\/2025\/12\/header_image_corrected-768x228.png 768w, https:\/\/legramonte.com.br\/wp-content\/uploads\/2025\/12\/header_image_corrected-200x59.png 200w, https:\/\/legramonte.com.br\/wp-content\/uploads\/2025\/12\/header_image_corrected.png 1536w\" sizes=\"(max-width: 625px) 100vw, 625px\" \/><\/h1>\n<h2 class=\"western\" style=\"text-align: center;\"><span style=\"color: #800080;\">\u2728Transforme a Sua Energia! Desbloqueie a Sua Vida! Renove o Seu Destino!\u2728<\/span><\/h2>\n<p style=\"text-align: justify;\"><span style=\"font-size: 14pt;\">Voc\u00ea sente que <strong>algo est\u00e1 travando a sua vida<\/strong>, que cargas emocionais continuam se repetindo, ou que a sua energia est\u00e1 pesada demais? <\/span><span style=\"font-size: 14pt;\">Ent\u00e3o respire fundo\u2026 porque voc\u00ea est\u00e1 prestes a descobrir uma t\u00e9cnica que pode <strong>mudar completamente a sua realidade interna e externa<\/strong>. Esta \u00e9 uma t\u00e9cnica avan\u00e7ada, profunda e completa da terapia hol\u00edstica, especialmente desenvolvida para harmonizar, limpar e realinhar todos os campos da sua vida.<\/span><\/p>\n<h3 data-start=\"369\" data-end=\"419\"><span style=\"font-size: 14pt;\"><strong data-start=\"373\" data-end=\"419\">O que este tratamento pode fazer por voc\u00ea:<\/strong><\/span><\/h3>\n<p data-start=\"421\" data-end=\"803\"><span style=\"font-size: 14pt;\"><strong data-start=\"421\" data-end=\"457\">\ud83c\udf1f Limpeza e Prote\u00e7\u00e3o Energ\u00e9tica<\/strong><\/span><br data-start=\"457\" data-end=\"460\" \/><span style=\"font-size: 14pt;\">\u2022 Fortalece a bioenergia do corpo.<\/span><br data-start=\"494\" data-end=\"497\" \/><span style=\"font-size: 14pt;\">\u2022 Alinha e harmoniza todos os chakras.<\/span><br data-start=\"535\" data-end=\"538\" \/><span style=\"font-size: 14pt;\">\u2022 Remove obsessores, sofredores e ovoides.<\/span><br data-start=\"580\" data-end=\"583\" \/><span style=\"font-size: 14pt;\">\u2022 Elimina larvas astrais e miasmas.<\/span><br data-start=\"618\" data-end=\"621\" \/><span style=\"font-size: 14pt;\">\u2022 Corta trabalhos de magia negativa, feiti\u00e7aria e influ\u00eancias externas.<\/span><br data-start=\"692\" data-end=\"695\" \/><span style=\"font-size: 14pt;\">\u2022 Desativa e remove implantes espirituais negativos.<\/span><br data-start=\"747\" data-end=\"750\" \/><span style=\"font-size: 14pt;\">\u2022 Rompe inveja, mau-olhado, pragas e energias densas.<\/span><\/p>\n<p data-start=\"805\" data-end=\"1015\"><span style=\"font-size: 14pt;\"><strong data-start=\"805\" data-end=\"837\">\ud83c\udf1f Cura Espiritual e K\u00e1rmica<\/strong><\/span><br data-start=\"837\" data-end=\"840\" \/><span style=\"font-size: 14pt;\">\u2022 Quebra contratos k\u00e1rmicos de vidas passadas.<\/span><br data-start=\"886\" data-end=\"889\" \/><span style=\"font-size: 14pt;\">\u2022 Realiza constela\u00e7\u00e3o familiar em n\u00edvel espiritual.<\/span><br data-start=\"940\" data-end=\"943\" \/><span style=\"font-size: 14pt;\">\u2022 Ajuda a superar traumas, lembran\u00e7as dolorosas e padr\u00f5es repetitivos.<\/span><\/p>\n<p data-start=\"1017\" data-end=\"1255\"><span style=\"font-size: 14pt;\"><strong data-start=\"1017\" data-end=\"1046\">\ud83c\udf1f Transforma\u00e7\u00e3o Interior<\/strong><\/span><br data-start=\"1046\" data-end=\"1049\" \/><span style=\"font-size: 14pt;\">\u2022 Libera cren\u00e7as limitantes.<\/span><br data-start=\"1077\" data-end=\"1080\" \/><span style=\"font-size: 14pt;\">\u2022 Potencializa o amor-pr\u00f3prio e a for\u00e7a pessoal.<\/span><br data-start=\"1128\" data-end=\"1131\" \/><span style=\"font-size: 14pt;\">\u2022 Ajuda a direcionar prop\u00f3sitos e caminhos de vida.<\/span><br data-start=\"1182\" data-end=\"1185\" \/><span style=\"font-size: 14pt;\">\u2022 Equilibra a frequ\u00eancia vibracional e amplia o estado de consci\u00eancia.<\/span><\/p>\n<p data-start=\"1257\" data-end=\"1518\"><span style=\"font-size: 14pt;\"><strong data-start=\"1257\" data-end=\"1299\">\ud83c\udf1f Abertura de Caminhos e Manifesta\u00e7\u00e3o<\/strong><\/span><br data-start=\"1299\" data-end=\"1302\" \/><span style=\"font-size: 14pt;\">\u2022 Abre os caminhos da vida em todas as \u00e1reas.<\/span><br data-start=\"1347\" data-end=\"1350\" \/><span style=\"font-size: 14pt;\">\u2022 Dynamiza objetivos espec\u00edficos que voc\u00ea deseja alcan\u00e7ar.<\/span><br data-start=\"1408\" data-end=\"1411\" \/><span style=\"font-size: 14pt;\">\u2022 Auxilia na manifesta\u00e7\u00e3o de metas, desejos e prosperidade.<\/span><br data-start=\"1470\" data-end=\"1473\" \/><span style=\"font-size: 14pt;\">\u2022 Promove bem-estar, leveza e clareza mental.<\/span><\/p>\n<p style=\"text-align: center;\" data-start=\"1520\" data-end=\"1601\"><span style=\"color: #0000ff;\"><em><span style=\"font-size: 14pt;\"><strong>Este tratamento pode ser realizado para pessoas, casais, animais e ambientes<\/strong>.<\/span><\/em><\/span><\/p>\n<hr data-start=\"1603\" data-end=\"1606\" \/>\n<h2 data-start=\"1608\" data-end=\"1661\"><span style=\"font-size: 14pt;\"><strong data-start=\"1611\" data-end=\"1661\">Benef\u00edcios da Mesa Radi\u00f4nica Qu\u00e2ntica Psi\u00f4nica<\/strong><\/span><\/h2>\n<p data-start=\"1663\" data-end=\"1774\"><span style=\"font-size: 14pt;\"><strong data-start=\"1663\" data-end=\"1690\">\u2714 Equil\u00edbrio Energ\u00e9tico<\/strong><\/span><br data-start=\"1690\" data-end=\"1693\" \/><span style=\"font-size: 14pt;\">Harmoniza e estabiliza energias internas, trazendo sensa\u00e7\u00e3o de paz e alinhamento.<\/span><\/p>\n<p data-start=\"1776\" data-end=\"1865\"><span style=\"font-size: 14pt;\"><strong data-start=\"1776\" data-end=\"1813\">\u2714 Redu\u00e7\u00e3o do Estresse e Ansiedade<\/strong><\/span><br data-start=\"1813\" data-end=\"1816\" \/><span style=\"font-size: 14pt;\">Induz relaxamento profundo e bem-estar emocional.<\/span><\/p>\n<p data-start=\"1867\" data-end=\"2001\"><span style=\"font-size: 14pt;\"><strong data-start=\"1867\" data-end=\"1908\">\u2714 Autoconhecimento e Expans\u00e3o Pessoal<\/strong><\/span><br data-start=\"1908\" data-end=\"1911\" \/><span style=\"font-size: 14pt;\">Ajuda a identificar padr\u00f5es, emo\u00e7\u00f5es ocultas e bloqueios que precisam ser ressignificados.<\/span><\/p>\n<p data-start=\"2003\" data-end=\"2132\"><span style=\"font-size: 14pt;\"><strong data-start=\"2003\" data-end=\"2044\">\u2714 Melhora da Sa\u00fade F\u00edsica e Emocional<\/strong><\/span><br data-start=\"2044\" data-end=\"2047\" \/><span style=\"font-size: 14pt;\">Age nos n\u00edveis f\u00edsico, emocional, energ\u00e9tico e espiritual, favorecendo a recupera\u00e7\u00e3o.<\/span><\/p>\n<p data-start=\"2134\" data-end=\"2248\"><span style=\"font-size: 14pt;\"><strong data-start=\"2134\" data-end=\"2158\">\u2714 Acelera\u00e7\u00e3o da Cura<\/strong><\/span><br data-start=\"2158\" data-end=\"2161\" \/><span style=\"font-size: 14pt;\">Potencializa tratamentos m\u00e9dicos e terapias tradicionais, apoiando a evolu\u00e7\u00e3o da sa\u00fade.<\/span><\/p>\n<p data-start=\"2250\" data-end=\"2328\"><span style=\"font-size: 14pt;\"><strong data-start=\"2250\" data-end=\"2270\">\u2714 Clareza Mental<\/strong><\/span><br data-start=\"2270\" data-end=\"2273\" \/><span style=\"font-size: 14pt;\">Favorece decis\u00f5es mais firmes, objetivas e conscientes.<\/span><\/p>\n<p data-start=\"2330\" data-end=\"2430\"><span style=\"font-size: 14pt;\"><strong data-start=\"2330\" data-end=\"2354\">\u2714 Conex\u00e3o Espiritual<\/strong><\/span><br data-start=\"2354\" data-end=\"2357\" \/><span style=\"font-size: 14pt;\">Aproxima voc\u00ea do seu prop\u00f3sito, da sua ess\u00eancia e da sua espiritualidade.<\/span><\/p>\n<p data-start=\"2432\" data-end=\"2532\"><span style=\"font-size: 14pt;\"><strong data-start=\"2432\" data-end=\"2460\">\u2714 Libera\u00e7\u00e3o de Bloqueios<\/strong><\/span><br data-start=\"2460\" data-end=\"2463\" \/><span style=\"font-size: 14pt;\">Remove obst\u00e1culos energ\u00e9ticos que atrapalham o fluxo natural da vida.<\/span><\/p>\n<p data-start=\"2432\" data-end=\"2532\"><span style=\"font-size: 14pt;\"><strong data-start=\"2432\" data-end=\"2460\">\u2714 Div\u00f3rcio Energ\u00e9tico<\/strong><\/span><br data-start=\"2460\" data-end=\"2463\" \/><span style=\"font-size: 14pt;\">Corta e rompe v\u00ednculos desgastados, energias t\u00f3xicas e la\u00e7os espirituais antigos.<\/span><\/p>\n<hr data-start=\"2534\" data-end=\"2537\" \/>\n<h2 data-start=\"2539\" data-end=\"2573\"><span style=\"font-size: 14pt;\"><strong data-start=\"2542\" data-end=\"2571\">\ud83c\udf1fConsidera\u00e7\u00f5es Importantes<\/strong><\/span><\/h2>\n<p data-start=\"2574\" data-end=\"2825\"><span style=\"font-size: 14pt;\">Cada pessoa reage de maneira \u00fanica aos tratamentos. A Mesa Radi\u00f4nica Qu\u00e2ntica Psi\u00f4nica deve ser vista como uma terapia complementar, realizada por profissional qualificado, apoiando (e n\u00e3o substituindo) tratamentos m\u00e9dicos e psiquiatricos tradicionais.<\/span><\/p>\n<p><span style=\"font-size: 14pt;\"><strong>\ud83c\udf1fQUEM \u00c9 O TERAPEUTA?<\/strong><\/span><\/p>\n<p style=\"text-align: justify;\"><span style=\"font-size: 14pt;\">Sou <strong>Evandro Legramonte<\/strong>, tar\u00f3logo e terapeuta hol\u00edstico com mais de <strong>20 anos de experi\u00eancia<\/strong> em pr\u00e1ticas espirituais, energ\u00e9ticas e oraculares. <\/span><span style=\"font-size: 14pt;\">Dedico minha vida a ajudar pessoas a se libertarem das dores, bloqueios e ciclos que impedem o crescimento. <\/span><span style=\"font-size: 14pt;\">Minha miss\u00e3o \u00e9 ser TERAPEUTA HOL\u00cdSTICO \u2014 e fa\u00e7o isso com seriedade, amor e profundo respeito pela espiritualidade. \u2728\ud83d\ude4f\u2728<\/span><\/p>\n<h1 class=\"western\"><span style=\"font-size: 14pt;\"><strong data-start=\"1257\" data-end=\"1299\">\ud83c\udf1f<\/strong>VALORES E ATENDIMENTOS:<\/span><\/h1>\n<p><span style=\"font-size: 14pt;\">\u2714 <strong>Sess\u00e3o individual: de <span style=\"color: #ff0000;\"><del>R$300,00<\/del><\/span> por <span style=\"color: #0000ff;\">R$ 120,00<\/span>.<\/strong><\/span><br \/>\n<span style=\"font-size: 14pt;\">\u2714 <strong>Harmoniza\u00e7\u00e3o para casais: de <span style=\"color: #ff0000;\"><del>R$600,00<\/del><\/span> por <span style=\"color: #0000ff;\">R$200,00<\/span>.<\/strong><\/span><br \/>\n<span style=\"font-size: 14pt;\">\u2714 <strong>Div\u00f3rcio Energ\u00e9tico:<\/strong>\u00a0<strong>de <del><span style=\"color: #ff0000;\">R$40<\/span><span style=\"color: #ff0000;\">0<\/span><\/del> por <span style=\"color: #0000ff;\">R$200,00<\/span>.<\/strong><\/span><\/p>\n<p><span style=\"font-size: 14pt;\"><em>Cada sess\u00e3o atua por at\u00e9 30 dias consecutivos.<\/em><\/span><\/p>\n<p style=\"text-align: center;\"><a href=\"https:\/\/wa.me\/+5516988374843?text=Ol\u00e1\" target=\"_blank\" rel=\"noopener\"><span style=\"font-size: 14pt; color: #0000ff; font-family: 'trebuchet ms', geneva, sans-serif;\"><strong>Fale Comingo no WhatsApp: (16) 98837-4843<\/strong><\/span><\/a><\/p>\n<p style=\"text-align: center;\"><iframe src=\"\/\/www.youtube.com\/embed\/XQsFdY-xHMc?t=367s\" width=\"560\" height=\"314\" allowfullscreen=\"allowfullscreen\"><\/iframe><\/p>\n<p>&nbsp;<\/p>\n<p>&nbsp;<\/p>\n","protected":false},"excerpt":{"rendered":"<p>\u2728Transforme a Sua Energia! Desbloqueie a Sua Vida! Renove o Seu Destino!\u2728 Voc\u00ea sente que algo est\u00e1 travando a sua vida, que cargas emocionais continuam se repetindo, ou que a sua energia est\u00e1 pesada demais? Ent\u00e3o respire fundo\u2026 porque voc\u00ea est\u00e1 prestes a descobrir uma t\u00e9cnica que pode mudar completamente a sua realidade interna e [&hellip;]<\/p>\n","protected":false},"author":1,"featured_media":0,"parent":0,"menu_order":2,"comment_status":"closed","ping_status":"closed","template":"","meta":{"footnotes":""},"class_list":["post-106","page","type-page","status-publish","hentry"],"_links":{"self":[{"href":"https:\/\/legramonte.com.br\/index.php\/wp-json\/wp\/v2\/pages\/106","targetHints":{"allow":["GET"]}}],"collection":[{"href":"https:\/\/legramonte.com.br\/index.php\/wp-json\/wp\/v2\/pages"}],"about":[{"href":"https:\/\/legramonte.com.br\/index.php\/wp-json\/wp\/v2\/types\/page"}],"author":[{"embeddable":true,"href":"https:\/\/legramonte.com.br\/index.php\/wp-json\/wp\/v2\/users\/1"}],"replies":[{"embeddable":true,"href":"https:\/\/legramonte.com.br\/index.php\/wp-json\/wp\/v2\/comments?post=106"}],"version-history":[{"count":36,"href":"https:\/\/legramonte.com.br\/index.php\/wp-json\/wp\/v2\/pages\/106\/revisions"}],"predecessor-version":[{"id":1102,"href":"https:\/\/legramonte.com.br\/index.php\/wp-json\/wp\/v2\/pages\/106\/revisions\/1102"}],"wp:attachment":[{"href":"https:\/\/legramonte.com.br\/index.php\/wp-json\/wp\/v2\/media?parent=106"}],"curies":[{"name":"wp","href":"https:\/\/api.w.org\/{rel}","templated":true}]}}