{"id":118,"date":"2022-08-20T23:36:27","date_gmt":"2022-08-20T23:36:27","guid":{"rendered":"http:\/\/legramonte.com.br\/?page_id=118"},"modified":"2026-04-15T10:37:00","modified_gmt":"2026-04-15T10:37:00","slug":"cursos","status":"publish","type":"page","link":"https:\/\/legramonte.com.br\/index.php\/cursos\/","title":{"rendered":"#cursosonline"},"content":{"rendered":"<p style=\"text-align: center;\"><img fetchpriority=\"high\" decoding=\"async\" class=\"aligncenter size-large wp-image-1105\" src=\"https:\/\/legramonte.com.br\/wp-content\/uploads\/2025\/12\/cursos_online_futuristic_header-1024x219.png\" alt=\"\" width=\"625\" height=\"134\" srcset=\"https:\/\/legramonte.com.br\/wp-content\/uploads\/2025\/12\/cursos_online_futuristic_header-1024x219.png 1024w, https:\/\/legramonte.com.br\/wp-content\/uploads\/2025\/12\/cursos_online_futuristic_header-300x64.png 300w, https:\/\/legramonte.com.br\/wp-content\/uploads\/2025\/12\/cursos_online_futuristic_header-768x165.png 768w, https:\/\/legramonte.com.br\/wp-content\/uploads\/2025\/12\/cursos_online_futuristic_header-200x43.png 200w, https:\/\/legramonte.com.br\/wp-content\/uploads\/2025\/12\/cursos_online_futuristic_header.png 1536w\" sizes=\"(max-width: 625px) 100vw, 625px\" \/><\/p>\n<p><span style=\"color: #800080; font-size: 14pt;\"><strong>\u2192INTRODUT\u00d3RIOS:<\/strong><\/span><\/p>\n<p><span style=\"font-size: 14pt; color: #000000;\"><a style=\"color: #000000;\" href=\"https:\/\/www.udemy.com\/course\/programando-o-pendulo\/?referralCode=35B7776B8528CAAB178B\" target=\"_blank\" rel=\"noopener\">\u25baProgramando o P\u00eandulo (gratuito)<\/a><\/span><\/p>\n<p><span style=\"color: #000000; font-size: 14pt;\"><a style=\"color: #000000;\" href=\"https:\/\/www.udemy.com\/course\/runas-das-bruxas-curso-gratuito-legramonte\/?referralCode=30ADB3A9218D54726BE4\" target=\"_blank\" rel=\"noopener\">\u25baRuna das Bruxas (gratuito)<\/a><\/span><\/p>\n<p><span style=\"color: #000000; font-size: 14pt;\"><a style=\"color: #000000;\" href=\"https:\/\/www.udemy.com\/course\/cartomancia-tradicional-legramonte\/\" target=\"_blank\" rel=\"noopener\">\u25baCartomancia Tradicional (gratuito)<\/a><\/span><\/p>\n<p><span style=\"color: #000000; font-size: 14pt;\"><a style=\"color: #000000;\" href=\"https:\/\/www.udemy.com\/course\/jornada-das-cartas-ciganas-gratuito-legramonte\/?referralCode=5020DD9D3C86FAC383EC\" target=\"_blank\" rel=\"noopener\">\u25baJornada das Cartas Ciganas (gratuito)<\/a><\/span><\/p>\n<p><span style=\"color: #000000; font-size: 14pt;\"><a style=\"color: #000000;\" href=\"https:\/\/www.udemy.com\/course\/a-jornada-do-tarot-gratuito\/\" target=\"_blank\" rel=\"noopener\">\u25baJornada do Tar\u00f4 (gratuito)<\/a><\/span><\/p>\n<p><span style=\"color: #000000; font-size: 14pt;\"><a style=\"color: #000000;\" href=\"https:\/\/www.udemy.com\/course\/preparacao-para-o-sucesso-curriculo-e-entrevista\/?referralCode=1713F61841999A44785C\" target=\"_blank\" rel=\"noopener\">\u25baPrepara\u00e7\u00e3o para o Sucesso: Curr\u00edculo e Entrevista (Gratuito).<\/a><\/span><\/p>\n<p><span style=\"color: #800080; font-size: 14pt;\"><strong>\u2192MESAS RADI\u00d4NICAS QU\u00c2NTICAS:<\/strong><\/span><\/p>\n<p><span style=\"color: #000000; font-size: 14pt;\"><a style=\"color: #000000;\" href=\"https:\/\/www.udemy.com\/course\/mesa-radionica-quantica-psionica-chama-trina-legramonte\/?referralCode=861A22824DF0941D29CE\" target=\"_blank\" rel=\"noopener\">\u25baMesa Radi\u00f4nica Qu\u00e2ntica Psi\u00f4nica Chama Trina<\/a><\/span><\/p>\n<p><span style=\"font-size: 14pt; color: #000000;\"><a style=\"color: #000000;\" href=\"https:\/\/www.udemy.com\/course\/mesa-psionica-sumeria\/?referralCode=6BC31B346E735FD586D6\" target=\"_blank\" rel=\"noopener\">\u25baMesa Psi\u00f4nica Sum\u00e9ria<\/a><\/span><\/p>\n<p><span style=\"color: #000000;\"><a style=\"color: #000000;\" href=\"https:\/\/www.udemy.com\/course\/mesa-psionica-iansa\/?referralCode=D8D66322E4C53C678885\"><span style=\"font-size: 14pt;\">\u25baMesa Psi\u00f4nica Ians\u00e3<\/span><\/a><\/span><\/p>\n<p><span style=\"font-size: 14pt; color: #000000;\"><a style=\"color: #000000;\" href=\"https:\/\/www.udemy.com\/course\/mesa-radionica-quantica-psionica-yemanja\/?referralCode=B2C0B717B1B3D8233730\" target=\"_blank\" rel=\"noopener\">\u25baMesa Radi\u00f4nica Qu\u00e2ntica Psi\u00f4nica Yemanj\u00e1<\/a><\/span><\/p>\n<p><span style=\"color: #000000;\"><a style=\"color: #000000;\" href=\"https:\/\/www.udemy.com\/course\/mesa-radionica-quantica-psionia-obaluae\/?referralCode=E5F539700E5248FE27F4\" target=\"_blank\" rel=\"noopener\"><span style=\"font-size: 14pt;\">\u25baMesa Radi\u00f4nica Qu\u00e2ntica Psi\u00f4nica OBALUA\u00ca<\/span><\/a><\/span><\/p>\n<p><a href=\"https:\/\/www.udemy.com\/course\/ibeji-mesa-radionica-quantica-psionica\/?referralCode=5C0F0984013AF15E52EC\" target=\"_blank\" rel=\"noopener\"><span style=\"font-size: 14pt;\"><span style=\"color: #000000;\">\u25baMesa Radi\u00f4nica Qu\u00e2ntica Psi\u00f4nica IBEJI<\/span><\/span><\/a><\/p>\n<p><span style=\"color: #000000; font-size: 14pt;\"><a style=\"color: #000000;\" href=\"https:\/\/www.udemy.com\/course\/mesa-radionica-quantica-psionica-gaia\/?referralCode=29925BF669E8C03AEEF8\" target=\"_blank\" rel=\"noopener\">\u25baMesa Radi\u00f4nica Qu\u00e2ntica Psi\u00f4nica Deusa Gaia<\/a><\/span><\/p>\n<p><span style=\"color: #000000; font-size: 14pt;\"><a style=\"color: #000000;\" href=\"https:\/\/www.udemy.com\/course\/mesa-radionica-quantica-portal-do-amor-e-relacionamento\/?referralCode=C1DF88DB3033E0E76BB5\" target=\"_blank\" rel=\"noopener\">\u25baMesa Radi\u00f4nica Qu\u00e2ntica Psi\u00f4nica Amor e Relacionamentos<\/a><\/span><\/p>\n<p><span style=\"color: #000000; font-size: 14pt;\"><a style=\"color: #000000;\" href=\"https:\/\/www.udemy.com\/course\/mesa-radionica-quantica-psionica-portal-da-prosperidade\/?referralCode=3462B56CA507F98E5D20\" target=\"_blank\" rel=\"noopener\">\u25baMesa Radi\u00f4nica Qu\u00e2ntica Psi\u00f4nica Portal da Prosperidade<\/a><\/span><\/p>\n<p><span style=\"color: #000000; font-size: 14pt;\"><a style=\"color: #000000;\" href=\"https:\/\/www.udemy.com\/course\/disco-das-48-forcas-legramonte\/?referralCode=527F31F828C6DD7856FA\" target=\"_blank\" rel=\"noopener\">\u25baMesa Radi\u00f4nica Qu\u00e2ntica Psi\u00f4nica Disco das 48 For\u00e7as<\/a><\/span><\/p>\n<p><span style=\"color: #000000; font-size: 14pt;\"><a style=\"color: #000000;\" href=\"https:\/\/www.udemy.com\/course\/mesa-radionica-quantica-psionica-xango-legramonte\/?referralCode=90578F306D186F3FC498\" target=\"_blank\" rel=\"noopener\">\u25baMesa Radi\u00f4nica Qu\u00e2ntica Psi\u00f4nica Xang\u00f4<\/a><\/span><\/p>\n<p><span style=\"color: #000000; font-size: 14pt;\"><a style=\"color: #000000;\" href=\"https:\/\/www.udemy.com\/course\/mesa-radionica-quantica-psionica-arquivos-akashicos-legramonte\/?referralCode=7975C4DECA887225CC6E\" target=\"_blank\" rel=\"noopener\">\u25baMesa Radi\u00f4nica Qu\u00e2ntica Psi\u00f4nica Arquivos Ak\u00e1shicos<\/a><\/span><\/p>\n<p><span style=\"color: #000000; font-size: 14pt;\"><a style=\"color: #000000;\" href=\"https:\/\/www.udemy.com\/course\/mesa-radionica-quantica-psionica-flor-da-vida-legramonte\/?referralCode=0A02C7BF9086E3258BB2\" target=\"_blank\" rel=\"noopener\">\u25baMesa Radi\u00f4nica Qu\u00e2ntica Psi\u00f4nica Flor da Vida<\/a><\/span><\/p>\n<p><span style=\"color: #000000; font-size: 14pt;\"><a style=\"color: #000000;\" href=\"https:\/\/www.udemy.com\/course\/mesa-radionica-quantica-psionica-oxala-legramonte\/?referralCode=78B66A35C661074E6E4B\" target=\"_blank\" rel=\"noopener\">\u25baMesa Radi\u00f4nica Qu\u00e2ntica Psi\u00f4nica Oxal\u00e1<\/a><\/span><\/p>\n<p><span style=\"color: #000000; font-size: 14pt;\"><a style=\"color: #000000;\" href=\"https:\/\/www.udemy.com\/course\/mesa-radionica-quantica-ogum-legramonte\/?referralCode=FE0BB5029FFEF67DB0A5\" target=\"_blank\" rel=\"noopener\">\u25baMesa Radi\u00f4nica Qu\u00e2ntica Ogum<\/a><\/span><\/p>\n<p><span style=\"color: #000000; font-size: 14pt;\"><a style=\"color: #000000;\" href=\"https:\/\/www.udemy.com\/course\/mesa-radionica-quantica-tupa-legramonte\/?referralCode=F006F691AEDD89AEB055\" target=\"_blank\" rel=\"noopener\">\u25baMesa Radi\u00f4nica Qu\u00e2ntica Tup\u00e3<\/a><\/span><\/p>\n<p><span style=\"color: #000000; font-size: 14pt;\"><a style=\"color: #000000;\" href=\"https:\/\/www.udemy.com\/course\/mesa-radionica-quantica-pretos-velhos-legramonte\/?referralCode=6DB2929CD53D778B9B47\" target=\"_blank\" rel=\"noopener\">\u25baMesa Radi\u00f4nica Qu\u00e2ntica Pretos Velhos<\/a><\/span><\/p>\n<p><span style=\"color: #000000; font-size: 14pt;\"><a style=\"color: #000000;\" href=\"https:\/\/www.udemy.com\/course\/mesa-radionica-quantica-linha-dos-marinheiros-legramonte\/?referralCode=6D5F60EC08CC764533C8\" target=\"_blank\" rel=\"noopener\">\u25baMesa Radi\u00f4nica Qu\u00e2ntica Linha dos Marinheiros<\/a><\/span><\/p>\n<p><span style=\"font-size: 14pt;\"><a href=\"https:\/\/www.udemy.com\/course\/mesa-radionica-quantica-linha-dos-baianos-legramonte\/?referralCode=F74C47610EE316783D57\" target=\"_blank\" rel=\"noopener\"><span style=\"color: #000000;\">\u25baMesa Radi\u00f4nica Qu\u00e2ntica Linha dos Baianos<\/span><\/a><\/span><\/p>\n<p><span style=\"font-size: 14pt;\"><a href=\"https:\/\/www.udemy.com\/course\/mesa-radionica-quantica-cristais-quanticos-legramonte\/?referralCode=2ADE05B03A89BD508D0A\" target=\"_blank\" rel=\"noopener\"><span style=\"color: #000000;\">\u25baMesa Radi\u00f4nica Qu\u00e2ntica Cristais\u00a0<\/span><\/a><\/span><\/p>\n<p><span style=\"font-size: 14pt;\"><a href=\"https:\/\/www.udemy.com\/course\/mesa-radionica-quantica-celta-legramonte\/?referralCode=136EB7862625E760AF41\" target=\"_blank\" rel=\"noopener\"><span style=\"color: #000000;\">\u25baMesa Radi\u00f4nica Qu\u00e2ntica Celta<\/span><\/a><\/span><\/p>\n<p><span style=\"font-size: 14pt; color: #000000;\"><a style=\"color: #000000;\" href=\"https:\/\/www.udemy.com\/course\/mesa-radionica-quantica-ze-pelintra-legramonte\/?referralCode=214A8887D42817648353\" target=\"_blank\" rel=\"noopener\">\u25ba<\/a><a style=\"color: #000000;\" href=\"https:\/\/www.udemy.com\/course\/mesa-radionica-quantica-oxum-legramonte\/?referralCode=81B36CDCA8DC03372492\" target=\"_blank\" rel=\"noopener\">Mesa Radi\u00f4nica Qu\u00e2ntica OXUM<\/a><\/span><\/p>\n<p><span style=\"color: #000000; font-size: 14pt;\"><a style=\"color: #000000;\" href=\"https:\/\/www.udemy.com\/course\/mesa-radionica-quantica-reiki-xamanico-legramonte\/?referralCode=946A77866210E27266C9\" target=\"_blank\" rel=\"noopener\">\u25baMesa Radi\u00f4nica Qu\u00e2ntica Reiki Xam\u00e2nico<\/a><\/span><\/p>\n<p><span style=\"color: #000000; font-size: 14pt;\"><a style=\"color: #000000;\" href=\"https:\/\/www.udemy.com\/course\/mesa-radionica-quantica-mansao-dos-guardioes-legramonte\/?referralCode=1BBBC7E8A1915C3D6326\" target=\"_blank\" rel=\"noopener\">\u25baMesa Radi\u00f4nica Qu\u00e2ntica Mans\u00e3o dos Guardi\u00f5es<\/a><\/span><\/p>\n<p><span style=\"color: #000000; font-size: 14pt;\"><a style=\"color: #000000;\" href=\"https:\/\/www.udemy.com\/course\/mesa-radionica-quantica-anjos-cabalisticos-legramonte\/?referralCode=EB1018C6A4F8B105FA74\" target=\"_blank\" rel=\"noopener\">\u25baMesa Radi\u00f4nica Qu\u00e2ntica Anjos Cabal\u00edstico<\/a><\/span><\/p>\n<p><span style=\"color: #000000; font-size: 14pt;\"><a style=\"color: #000000;\" href=\"https:\/\/www.udemy.com\/course\/mesa-radionica-quantica-forca-cigana\/?referralCode=5D9B065DB3AE66648A93\" target=\"_blank\" rel=\"noopener\">\u25baMesa Radi\u00f4nica Qu\u00e2ntica For\u00e7a Cigana<\/a><\/span><\/p>\n<p><span style=\"font-size: 14pt; color: #000000;\"><a style=\"color: #000000;\" href=\"https:\/\/www.udemy.com\/course\/mesa-radionica-quantica-psionica-maia\/?referralCode=88D9C7121CB519E28DD2\" target=\"_blank\" rel=\"noopener\">\u25baMesa Radi\u00f4nica Qu\u00e2ntica Psi\u00f4nica Maia<\/a><\/span><\/p>\n<p><span style=\"color: #000000; font-size: 14pt;\"><a style=\"color: #000000;\" href=\"https:\/\/www.udemy.com\/course\/apometria-esoterica-legramonte\/?referralCode=8048971394DA69A67BB8\" target=\"_blank\" rel=\"noopener\">\u25baMesa Radi\u00f4nica Apometria Esot\u00e9rica.<\/a><\/span><\/p>\n<p><span style=\"font-size: 14pt;\"><a href=\"https:\/\/www.udemy.com\/course\/mesa-radionica-quantica-runica-mapa-da-alma\/?referralCode=C83E7068AF71E0EDD682\" target=\"_blank\" rel=\"noopener\"><span style=\"color: #000000;\">\u25baMesa Radi\u00f4nica R\u00fanica Mapa da Alma<\/span><\/a><\/span><\/p>\n<p><span style=\"color: #800080; font-size: 14pt;\"><strong>\u2192OR\u00c1CULOS:<\/strong><\/span><\/p>\n<p><span style=\"font-size: 14pt;\"><span style=\"color: #000080;\"><a style=\"color: #000080;\" href=\"https:\/\/www.udemy.com\/course\/curso-baralho-cigano-petit-lenormand-legramonte\/\" target=\"_blank\" rel=\"noopener\"><span style=\"color: #000000;\">\u25baBaralho Cigano &#8211; Petit Lenormand<\/span><\/a><\/span><\/span><\/p>\n<p><span style=\"color: #000000; font-size: 14pt;\"><a style=\"color: #000000;\" href=\"https:\/\/www.udemy.com\/course\/curso-completo-de-taro-pratico-e-objetivo\/?referralCode=D28C9A35AFE362F7B3DC\" target=\"_blank\" rel=\"noopener\">\u25baTar\u00f4 Profissional &#8211; (Maiores+Menores)<\/a><\/span><\/p>\n<p><span style=\"font-size: 14pt;\"><a href=\"https:\/\/www.udemy.com\/course\/oraculo-de-belline\/?referralCode=CACC67ECCCA33138D3EB\" target=\"_blank\" rel=\"noopener\"><span style=\"color: #000000;\">\u25baOr\u00e1culo de Belline<\/span><\/a><\/span><\/p>\n<p><span style=\"color: #000000; font-size: 14pt;\"><a style=\"color: #000000;\" href=\"https:\/\/www.udemy.com\/course\/favomancia-o-oraculo-das-sementes\/?referralCode=EACA829097918FDE2EAA\" target=\"_blank\" rel=\"noopener\">\u25baFavomancia, o Or\u00e1culo das Sementes<\/a><\/span><\/p>\n<p><span style=\"color: #000000; font-size: 14pt;\"><a style=\"color: #000000;\" href=\"https:\/\/www.udemy.com\/course\/taro-zen-de-osho-legramonte\/?referralCode=6C374559EAE92CD8D6B9\" target=\"_blank\" rel=\"noopener\">\u25baTar\u00f4 Zen de Osho<\/a><\/span><\/p>\n<p><span style=\"color: #000000; font-size: 14pt;\"><a style=\"color: #000000;\" href=\"https:\/\/www.udemy.com\/course\/taro-egipcio-kier-legramonte\/?referralCode=290966C8DBDC1FE213D2\" target=\"_blank\" rel=\"noopener\">\u25baTar\u00f4 Eg\u00edpcio Kier<\/a><\/span><\/p>\n<p><span style=\"color: #000000; font-size: 14pt;\"><a style=\"color: #000000;\" href=\"https:\/\/www.udemy.com\/course\/taro-com-cristais-legramonte\/?referralCode=7E185321215C7D2CD6D9\">\u25baTar\u00f4 com Cristais<\/a><\/span><\/p>\n<p><span style=\"color: #000000; font-size: 14pt;\"><a style=\"color: #000000;\" href=\"https:\/\/www.udemy.com\/course\/taro-mitologico-os-78-arcanos-e-tiragens-praticas-legramonte\/?referralCode=8FD87D902A08601C0602\" target=\"_blank\" rel=\"noopener\">\u25baTar\u00f4 Mitol\u00f3gico, al\u00e9m dos mitos!<\/a><\/span><\/p>\n<p><span style=\"color: #000000; font-size: 14pt;\"><a style=\"color: #000000;\" href=\"https:\/\/www.udemy.com\/course\/tarot-da-fraternidade-branca-e-cartas-sagradas-dos-12-raios-legramonte\/?referralCode=8F39C3414972D74040BD\" target=\"_blank\" rel=\"noopener\">\u25baTarot da Fraternidade Branca<\/a><\/span><\/p>\n<p><span style=\"color: #000000; font-size: 14pt;\"><a style=\"color: #000000;\" href=\"https:\/\/www.udemy.com\/course\/siddhartha-tarot-com-mesa-radionica-quantica-legramonte\/?referralCode=BDB398EC2D58E1BA6949\" target=\"_blank\" rel=\"noopener\">\u25baTarot Siddhartha com Mesa Radi\u00f4nica Qu\u00e2ntica<\/a><\/span><\/p>\n<p><span style=\"font-size: 14pt; color: #000000;\"><a style=\"color: #000000;\" href=\"https:\/\/www.udemy.com\/course\/tarot-de-thoth-crowley-pratico-e-objetivo-legramonte\/?referralCode=3BD97494896F59DC9743\" target=\"_blank\" rel=\"noopener\">\u25baTarot de Thoth (Crowley)<\/a><\/span><\/p>\n<p><span style=\"color: #000000; font-size: 14pt;\"><a style=\"color: #000000;\" href=\"https:\/\/www.udemy.com\/course\/cartas-da-bruxa-cigana\/?referralCode=B05CE9CF75AD3A384D8C\" target=\"_blank\" rel=\"noopener\">\u25baCartas da Bruxa Cigana<\/a><\/span><\/p>\n<p><span style=\"font-size: 14pt;\"><a href=\"https:\/\/www.udemy.com\/course\/baralho-reliquia-da-sorte-legramonte\/?referralCode=FF47E1A7D0C6E7EDABEA\" target=\"_blank\" rel=\"noopener\"><span style=\"color: #000000;\">\u25baBaralho Rel\u00edquia da Sorte<\/span><\/a><\/span><\/p>\n<p><span style=\"color: #000000; font-size: 14pt;\"><a style=\"color: #000000;\" href=\"https:\/\/www.udemy.com\/course\/jogo-de-buzios-esoterico-legramonte\/?referralCode=8719FA180DFEB9F2EC58\" target=\"_blank\" rel=\"noopener\">\u25baB\u00fazios Esot\u00e9ricos<\/a><\/span><\/p>\n<p><span style=\"color: #000000; font-size: 14pt;\"><a style=\"color: #000000;\" href=\"https:\/\/www.udemy.com\/course\/runas-de-odin-legramonte\/\" target=\"_blank\" rel=\"noopener\">\u25baRunas de Odin, o or\u00e1culo n\u00f3rdico<\/a><\/span><\/p>\n<p><span style=\"color: #000000; font-size: 14pt;\"><a style=\"color: #000000;\" href=\"https:\/\/www.udemy.com\/course\/sibilla-mexicana-legramonte\/?referralCode=1BAED304E093991D0E7B\">\u25baSibilla Mexicana<\/a><\/span><\/p>\n<p><span style=\"font-size: 14pt;\"><a href=\"https:\/\/www.udemy.com\/course\/sibilla-della-zingara-legramonte\/?referralCode=E2863AE2C3100C8670F5\" target=\"_blank\" rel=\"noopener\"><span style=\"color: #000000;\">\u25baSibilla Della Zingara<\/span><\/a><\/span><\/p>\n<p><span style=\"color: #000000; font-size: 14pt;\"><a style=\"color: #000000;\" href=\"https:\/\/www.udemy.com\/course\/baralho-sibilla-indovina-legramonte\/?referralCode=D74DA12D396D49D61C94\" target=\"_blank\" rel=\"noopener\">\u25baSibilla Indovina<\/a><\/span><\/p>\n<p><span style=\"color: #000000; font-size: 14pt;\"><a style=\"color: #000000;\" href=\"https:\/\/www.udemy.com\/course\/i-ching-o-oraculo-dos-sabios-legramonte\/?referralCode=B31DE6C1A622F3EBCEFB\" target=\"_blank\" rel=\"noopener\">\u25baI-Ching, o or\u00e1culo Chin\u00eas<\/a><\/span><\/p>\n<p><span style=\"color: #000000; font-size: 14pt;\"><a style=\"color: #000000;\" href=\"https:\/\/www.udemy.com\/course\/as-cartas-de-sao-cipriano-legramonte\/?referralCode=F3A9E103643FEB7C3F0E\">\u25baAs Cartas de S\u00e3o Cipriano<\/a><\/span><\/p>\n<p><span style=\"color: #000000; font-size: 14pt;\"><a style=\"color: #000000;\" href=\"https:\/\/www.udemy.com\/course\/oraculo-dama-da-noite-curso-completo\/?referralCode=DB0F890CCAE35B86A825\" target=\"_blank\" rel=\"noopener\">\u25baCartas Dama da Noite<\/a><\/span><\/p>\n<p><span style=\"font-size: 14pt;\"><span style=\"color: #000000;\"><a style=\"color: #000000;\" href=\"https:\/\/www.udemy.com\/course\/oraculo-as-luas-de-salomao-legramonte\/?referralCode=54C10E118CEA989EB4D0\" target=\"_blank\" rel=\"noopener\">\u25baOr\u00e1culos As Luas de Salom\u00e3o<\/a><\/span><\/span><\/p>\n<p><span style=\"font-size: 14pt;\"><a href=\"https:\/\/www.udemy.com\/course\/oraculo-da-mandala-russa\/?referralCode=28AF4B0B9E2E9769B9A7\" target=\"_blank\" rel=\"noopener\"><span style=\"color: #000000;\">\u25baOr\u00e1culo da Mandala Russa<\/span><\/a><\/span><\/p>\n<p><span style=\"font-size: 14pt;\"><a href=\"https:\/\/www.udemy.com\/course\/oraculo-bruxesco\/?referralCode=712FD469EE5B5F10ADA1\" target=\"_blank\" rel=\"noopener\"><span style=\"color: #000000;\">\u25baOr\u00e1culo Bruxesco<\/span><\/a><\/span><\/p>\n<p><span style=\"color: #000000; font-size: 14pt;\"><a style=\"color: #000000;\" href=\"https:\/\/www.udemy.com\/course\/cleromancia-dadomancia\/?referralCode=F8CF4980144A506CE833\" target=\"_blank\" rel=\"noopener\">\u25baDadomancia<\/a><\/span><\/p>\n<p><span style=\"color: #000000; font-size: 14pt;\"><a style=\"color: #000000;\" href=\"https:\/\/www.udemy.com\/course\/dominomancia-o-oraculo\/?referralCode=3D385793E23B82305EAE\" target=\"_blank\" rel=\"noopener\">\u25baDominomancia<\/a><\/span><\/p>\n<p><span style=\"color: #000000; font-size: 14pt;\"><a style=\"color: #000000;\" href=\"https:\/\/www.udemy.com\/course\/geomancia-o-oraculo-usado-por-jesus-legramonte\/?referralCode=C5C5CFD7A112C009E5D2\">\u25baGeomancia, o or\u00e1culo<\/a><\/span><\/p>\n<p><span style=\"color: #000000; font-size: 14pt;\"><a style=\"color: #000000;\" href=\"https:\/\/www.udemy.com\/course\/ogham-o-oraculo-celta-das-arvores-legramonte\/?referralCode=A8321660EA0839398DF3\" target=\"_blank\" rel=\"noopener\">\u25baOgham, O Or\u00e1culo Celta das \u00c1rvores<\/a><\/span><\/p>\n<p><span style=\"color: #000000; font-size: 14pt;\"><a style=\"color: #000000;\" href=\"https:\/\/www.udemy.com\/course\/runas-do-dragao-oraculo-e-terapia-legramonte\/?referralCode=285E21C5A0DAC987FCAA\" target=\"_blank\" rel=\"noopener\">\u25baRunas do Drag\u00e3o<\/a><\/span><\/p>\n<p><span style=\"color: #000000; font-size: 14pt;\"><a style=\"color: #000000;\" href=\"https:\/\/www.udemy.com\/course\/baralho-kipper-o-oraculo-alemao-legramonte\/?referralCode=BD12752D191A59FA4B4E\" target=\"_blank\" rel=\"noopener\">\u25baBaralho Kipper<\/a><\/span><\/p>\n<p><span style=\"color: #000000; font-size: 14pt;\"><a style=\"color: #000000;\" href=\"https:\/\/www.udemy.com\/course\/baralho-wicca-legramonte\/?referralCode=67D9661D0253C466F34C\" target=\"_blank\" rel=\"noopener\">\u25baBaralho Wicca<\/a><\/span><\/p>\n<p><span style=\"color: #000000; font-size: 14pt;\"><a style=\"color: #000000;\" href=\"https:\/\/www.udemy.com\/course\/baralho-espanhol-o-oraculo-preditivo-legramonte\/?referralCode=46D6B303EBE96324F38B\" target=\"_blank\" rel=\"noopener\">\u25baBaralho Espanhol<\/a>\u00a0<\/span><\/p>\n<p><span style=\"color: #000000; font-size: 14pt;\"><a style=\"color: #000000;\" href=\"https:\/\/www.udemy.com\/course\/cafeomancia-da-sorte-legramonte\/?referralCode=8009A8B0ADFBF7E65DDA\" target=\"_blank\" rel=\"noopener\">\u25baCafeomancia da Sorte<\/a><\/span><\/p>\n<p><span style=\"color: #000000; font-size: 14pt;\"><a style=\"color: #000000;\" href=\"https:\/\/www.udemy.com\/course\/oraculo-tabuleiro-dos-9-mundos-legramonte\/?referralCode=BD6371007E3F9E2B766C\" target=\"_blank\" rel=\"noopener\">\u25baOr\u00e1culo Tabuleiro dos 9 Mundos<\/a><\/span><\/p>\n<p><span style=\"color: #800080; font-size: 14pt;\"><strong>\u2192TERAPIAS EM GERAL:<\/strong><\/span><\/p>\n<p><span style=\"color: #000000; font-size: 14pt;\"><a style=\"color: #000000;\" href=\"https:\/\/www.udemy.com\/course\/pendulo-hebreu-cabalistico\/?referralCode=A23BEDA1AE0D40D4A706\" target=\"_blank\" rel=\"noopener\">\u25baP\u00eandulo Hebreu (Cabal\u00edstico)<\/a><\/span><\/p>\n<p><span style=\"color: #000000;\"><a style=\"color: #000000;\" href=\"https:\/\/www.udemy.com\/course\/decifrando-os-sonhos\/?referralCode=4A7B34DFF6544B4E7CF9\" target=\"_blank\" rel=\"noopener\"><span style=\"font-size: 14pt;\">\u25baDecifrando os Sonhos<\/span><\/a><\/span><\/p>\n<p><span style=\"color: #000000; font-size: 14pt;\"><a style=\"color: #000000;\" href=\"https:\/\/www.udemy.com\/course\/a-arte-do-benzer-benzimento-cristao-mariano\/?referralCode=1E7C5D2C68BDF70A4DD2\" target=\"_blank\" rel=\"noopener\">\u25baA Arte do Benzimento Crist\u00e3o<\/a><\/span><\/p>\n<p><span style=\"color: #000000; font-size: 14pt;\"><a style=\"color: #000000;\" href=\"https:\/\/www.udemy.com\/course\/magia-natural-esoterica-legramonte\/?referralCode=1C54441E9554872E9C8B\" target=\"_blank\" rel=\"noopener\">\u25baMagia Natural Esot\u00e9rica<\/a><\/span><\/p>\n<p><span style=\"color: #000000; font-size: 14pt;\"><a style=\"color: #000000;\" href=\"https:\/\/www.udemy.com\/course\/mahalilah-o-oraculo-indiano-legramonte\/?referralCode=6722666697DBEBBD06DA\" target=\"_blank\" rel=\"noopener\">\u25baMaha Lilha, o or\u00e1culo indiano.<\/a><\/span><\/p>\n<p><span style=\"color: #000000; font-size: 14pt;\"><a style=\"color: #000000;\" href=\"https:\/\/www.udemy.com\/course\/mao-de-fatima-numerologia-pratica-legramonte\/?referralCode=B818B5D54958EC4E13A9\" target=\"_blank\" rel=\"noopener\">\u25baM\u00e3o de F\u00e1tima, Numerologia<\/a><\/span><\/p>\n<p><span style=\"color: #000000; font-size: 14pt;\"><a style=\"color: #000000;\" href=\"https:\/\/www.udemy.com\/course\/maquina-simbolica-hieronymus-legramonte\/?referralCode=34019AF66FE0F41FB8EF\" target=\"_blank\" rel=\"noopener\">\u25baM\u00e1quina Simb\u00f3lica Hieronymus.<\/a><\/span><\/p>\n<p><span style=\"color: #000000; font-size: 14pt;\"><a style=\"color: #000000;\" href=\"https:\/\/www.udemy.com\/course\/programando-e-usando-graficos-radionicos-legramonte\/?referralCode=005AB86947742DD8D93D\" target=\"_blank\" rel=\"noopener\">\u25baProgramando e Usando Gr\u00e1ficos Radi\u00f4nicos<\/a><\/span><\/p>\n<p><span style=\"font-size: 14pt;\"><a href=\"https:\/\/www.udemy.com\/user\/evandro-aparecido-mateus\/?kw=evandro&amp;src=sac\" target=\"_blank\" rel=\"noopener\"><strong><span style=\"color: #ff0000;\">\u25baEvandro Legramonte, instrutor Udemy<\/span><\/strong><\/a><\/span><\/p>\n<p>&nbsp;<\/p>\n","protected":false},"excerpt":{"rendered":"<p>\u2192INTRODUT\u00d3RIOS: \u25baProgramando o P\u00eandulo (gratuito) \u25baRuna das Bruxas (gratuito) \u25baCartomancia Tradicional (gratuito) \u25baJornada das Cartas Ciganas (gratuito) \u25baJornada do Tar\u00f4 (gratuito) \u25baPrepara\u00e7\u00e3o para o Sucesso: Curr\u00edculo e Entrevista (Gratuito). \u2192MESAS RADI\u00d4NICAS QU\u00c2NTICAS: \u25baMesa Radi\u00f4nica Qu\u00e2ntica Psi\u00f4nica Chama Trina \u25baMesa Psi\u00f4nica Sum\u00e9ria \u25baMesa Psi\u00f4nica Ians\u00e3 \u25baMesa Radi\u00f4nica Qu\u00e2ntica Psi\u00f4nica Yemanj\u00e1 \u25baMesa Radi\u00f4nica Qu\u00e2ntica Psi\u00f4nica OBALUA\u00ca \u25baMesa [&hellip;]<\/p>\n","protected":false},"author":1,"featured_media":0,"parent":0,"menu_order":4,"comment_status":"closed","ping_status":"closed","template":"","meta":{"footnotes":""},"class_list":["post-118","page","type-page","status-publish","hentry"],"_links":{"self":[{"href":"https:\/\/legramonte.com.br\/index.php\/wp-json\/wp\/v2\/pages\/118","targetHints":{"allow":["GET"]}}],"collection":[{"href":"https:\/\/legramonte.com.br\/index.php\/wp-json\/wp\/v2\/pages"}],"about":[{"href":"https:\/\/legramonte.com.br\/index.php\/wp-json\/wp\/v2\/types\/page"}],"author":[{"embeddable":true,"href":"https:\/\/legramonte.com.br\/index.php\/wp-json\/wp\/v2\/users\/1"}],"replies":[{"embeddable":true,"href":"https:\/\/legramonte.com.br\/index.php\/wp-json\/wp\/v2\/comments?post=118"}],"version-history":[{"count":145,"href":"https:\/\/legramonte.com.br\/index.php\/wp-json\/wp\/v2\/pages\/118\/revisions"}],"predecessor-version":[{"id":1394,"href":"https:\/\/legramonte.com.br\/index.php\/wp-json\/wp\/v2\/pages\/118\/revisions\/1394"}],"wp:attachment":[{"href":"https:\/\/legramonte.com.br\/index.php\/wp-json\/wp\/v2\/media?parent=118"}],"curies":[{"name":"wp","href":"https:\/\/api.w.org\/{rel}","templated":true}]}}