{"id":221,"date":"2023-10-12T14:28:16","date_gmt":"2023-10-12T14:28:16","guid":{"rendered":"http:\/\/legramonte.com.br\/?page_id=221"},"modified":"2025-12-07T12:22:42","modified_gmt":"2025-12-07T12:22:42","slug":"contato","status":"publish","type":"page","link":"https:\/\/legramonte.com.br\/index.php\/contato\/","title":{"rendered":"#contato"},"content":{"rendered":"<p style=\"text-align: center;\" data-start=\"123\" data-end=\"191\"><img fetchpriority=\"high\" decoding=\"async\" class=\"aligncenter size-large wp-image-1111\" src=\"https:\/\/legramonte.com.br\/wp-content\/uploads\/2025\/12\/contato_communicative_header-1024x157.png\" alt=\"\" width=\"625\" height=\"96\" srcset=\"https:\/\/legramonte.com.br\/wp-content\/uploads\/2025\/12\/contato_communicative_header-1024x157.png 1024w, https:\/\/legramonte.com.br\/wp-content\/uploads\/2025\/12\/contato_communicative_header-300x46.png 300w, https:\/\/legramonte.com.br\/wp-content\/uploads\/2025\/12\/contato_communicative_header-768x118.png 768w, https:\/\/legramonte.com.br\/wp-content\/uploads\/2025\/12\/contato_communicative_header-200x31.png 200w, https:\/\/legramonte.com.br\/wp-content\/uploads\/2025\/12\/contato_communicative_header.png 1536w\" sizes=\"(max-width: 625px) 100vw, 625px\" \/><\/p>\n<p data-start=\"123\" data-end=\"191\"><strong data-start=\"123\" data-end=\"136\">WhatsApp:<\/strong> (16) 98837-4843<br data-start=\"152\" data-end=\"155\" \/><strong data-start=\"155\" data-end=\"166\">E-mail:<\/strong> <a class=\"decorated-link cursor-pointer\" rel=\"noopener\" data-start=\"167\" data-end=\"189\">legramonte@hotmail.com<\/a><\/p>\n<p style=\"text-align: justify;\" data-start=\"193\" data-end=\"644\">Entre no universo m\u00e1gico e transformador de <strong data-start=\"237\" data-end=\"259\">Evandro Legramonte<\/strong>, um mestre das artes ocultas, estudioso e praticante desde 1994. Permita-se mergulhar nas profundezas do invis\u00edvel, guiado pela sabedoria ancestral, pela sensibilidade espiritual e pela for\u00e7a da intui\u00e7\u00e3o. Evandro n\u00e3o \u00e9 apenas Tar\u00f3logo, Astr\u00f3logo, Cartomante, Esot\u00e9rico e Terapeuta Hol\u00edstico \u2014 ele \u00e9 um verdadeiro <strong data-start=\"573\" data-end=\"643\">portal para o autoconhecimento, a cura e a expans\u00e3o da consci\u00eancia<\/strong>.<\/p>\n<p style=\"text-align: justify;\" data-start=\"646\" data-end=\"1072\">Em setembro de 2005, deu um passo decisivo em sua jornada ao iniciar suas consultas online com baralho cigano e tar\u00f4. Desde ent\u00e3o, sua atua\u00e7\u00e3o se ampliou, incorporando or\u00e1culos como <strong data-start=\"828\" data-end=\"863\">Runas, B\u00fazios e o Or\u00e1culo Wicca<\/strong>, oferecendo atendimentos que s\u00e3o verdadeiras viagens de descoberta interior. Cada consulta \u00e9 uma oportunidade de revelar caminhos, compreender desafios e encontrar clareza mesmo nos momentos mais turbulentos.<\/p>\n<p style=\"text-align: justify;\" data-start=\"1074\" data-end=\"1476\">Em 2017, Evandro consolidou ainda mais sua miss\u00e3o ao concluir sua forma\u00e7\u00e3o como <strong data-start=\"1154\" data-end=\"1177\">Terapeuta Hol\u00edstico<\/strong>, expandindo suas ferramentas para auxiliar aqueles que buscam cura, equil\u00edbrio e direcionamento. Hoje, inicia uma nova etapa de sua trajet\u00f3ria, compartilhando seus conhecimentos atrav\u00e9s de <strong data-start=\"1367\" data-end=\"1411\">cursos esot\u00e9ricos e das ci\u00eancias ocultas<\/strong>, preparando seus alunos para um despertar profundo e consciente.<\/p>\n<p style=\"text-align: justify;\" data-start=\"1478\" data-end=\"1725\">Com humildade, verdade e dedica\u00e7\u00e3o, Evandro guia cada pessoa que o procura, oferecendo n\u00e3o apenas orienta\u00e7\u00e3o, mas tamb\u00e9m a certeza de que o aprendizado \u00e9 uma jornada cont\u00ednua. Afinal, quem ensina tamb\u00e9m evolui \u2014 e cada encontro \u00e9 uma troca de luz.<\/p>\n<p style=\"text-align: justify;\" data-start=\"1727\" data-end=\"1904\"><strong data-start=\"1727\" data-end=\"1769\">Convido voc\u00ea a se unir a esta jornada.<\/strong><br data-start=\"1769\" data-end=\"1772\" \/>Permita que Evandro Legramonte ilumine seu caminho e desperte seu poder interior.<br data-start=\"1853\" data-end=\"1856\" \/>Que a luz e a paz acompanhem sempre seus passos.<\/p>\n<p data-start=\"1906\" data-end=\"1922\"><strong data-start=\"1906\" data-end=\"1920\">Luz e Paz!<\/strong><\/p>\n<p><img decoding=\"async\" class=\"aligncenter size-medium wp-image-37\" src=\"https:\/\/legramonte.com.br\/wp-content\/uploads\/2022\/08\/Carterinha-Terapeuta-Holistico-Frente-IBRATH-204x300.png\" alt=\"\" width=\"204\" height=\"300\" srcset=\"https:\/\/legramonte.com.br\/wp-content\/uploads\/2022\/08\/Carterinha-Terapeuta-Holistico-Frente-IBRATH-204x300.png 204w, https:\/\/legramonte.com.br\/wp-content\/uploads\/2022\/08\/Carterinha-Terapeuta-Holistico-Frente-IBRATH.png 281w\" sizes=\"(max-width: 204px) 100vw, 204px\" \/><\/p>\n<p style=\"text-align: center;\">\n","protected":false},"excerpt":{"rendered":"<p>WhatsApp: (16) 98837-4843E-mail: legramonte@hotmail.com Entre no universo m\u00e1gico e transformador de Evandro Legramonte, um mestre das artes ocultas, estudioso e praticante desde 1994. Permita-se mergulhar nas profundezas do invis\u00edvel, guiado pela sabedoria ancestral, pela sensibilidade espiritual e pela for\u00e7a da intui\u00e7\u00e3o. Evandro n\u00e3o \u00e9 apenas Tar\u00f3logo, Astr\u00f3logo, Cartomante, Esot\u00e9rico e Terapeuta Hol\u00edstico \u2014 ele \u00e9 [&hellip;]<\/p>\n","protected":false},"author":1,"featured_media":0,"parent":0,"menu_order":6,"comment_status":"closed","ping_status":"closed","template":"","meta":{"footnotes":""},"class_list":["post-221","page","type-page","status-publish","hentry"],"_links":{"self":[{"href":"https:\/\/legramonte.com.br\/index.php\/wp-json\/wp\/v2\/pages\/221","targetHints":{"allow":["GET"]}}],"collection":[{"href":"https:\/\/legramonte.com.br\/index.php\/wp-json\/wp\/v2\/pages"}],"about":[{"href":"https:\/\/legramonte.com.br\/index.php\/wp-json\/wp\/v2\/types\/page"}],"author":[{"embeddable":true,"href":"https:\/\/legramonte.com.br\/index.php\/wp-json\/wp\/v2\/users\/1"}],"replies":[{"embeddable":true,"href":"https:\/\/legramonte.com.br\/index.php\/wp-json\/wp\/v2\/comments?post=221"}],"version-history":[{"count":14,"href":"https:\/\/legramonte.com.br\/index.php\/wp-json\/wp\/v2\/pages\/221\/revisions"}],"predecessor-version":[{"id":932,"href":"https:\/\/legramonte.com.br\/index.php\/wp-json\/wp\/v2\/pages\/221\/revisions\/932"}],"wp:attachment":[{"href":"https:\/\/legramonte.com.br\/index.php\/wp-json\/wp\/v2\/media?parent=221"}],"curies":[{"name":"wp","href":"https:\/\/api.w.org\/{rel}","templated":true}]}}