{"id":362,"date":"2024-02-14T15:11:32","date_gmt":"2024-02-14T15:11:32","guid":{"rendered":"http:\/\/legramonte.com.br\/?page_id=362"},"modified":"2025-12-06T18:03:03","modified_gmt":"2025-12-06T18:03:03","slug":"loja-cartao","status":"publish","type":"page","link":"https:\/\/legramonte.com.br\/index.php\/loja-cartao\/","title":{"rendered":"#tabeladepre\u00e7os"},"content":{"rendered":"<h2 data-start=\"159\" data-end=\"208\"><img fetchpriority=\"high\" decoding=\"async\" class=\"aligncenter size-large wp-image-1109\" src=\"https:\/\/legramonte.com.br\/wp-content\/uploads\/2025\/12\/tabela_precos_luxury_header-1024x235.png\" alt=\"\" width=\"625\" height=\"143\" srcset=\"https:\/\/legramonte.com.br\/wp-content\/uploads\/2025\/12\/tabela_precos_luxury_header-1024x235.png 1024w, https:\/\/legramonte.com.br\/wp-content\/uploads\/2025\/12\/tabela_precos_luxury_header-300x69.png 300w, https:\/\/legramonte.com.br\/wp-content\/uploads\/2025\/12\/tabela_precos_luxury_header-768x177.png 768w, https:\/\/legramonte.com.br\/wp-content\/uploads\/2025\/12\/tabela_precos_luxury_header-200x46.png 200w, https:\/\/legramonte.com.br\/wp-content\/uploads\/2025\/12\/tabela_precos_luxury_header.png 1536w\" sizes=\"(max-width: 625px) 100vw, 625px\" \/><\/h2>\n<p data-start=\"209\" data-end=\"301\"><span style=\"font-size: 12pt;\"><strong data-start=\"209\" data-end=\"264\">Evandro Legramonte \u2013 Terapeuta Hol\u00edstico &amp; Tar\u00f3logo<\/strong><\/span><br data-start=\"264\" data-end=\"267\" \/><span style=\"font-size: 12pt;\">\ud83d\udcf1 <em data-start=\"270\" data-end=\"281\">WhatsApp:<\/em> <strong data-start=\"282\" data-end=\"301\">(16) 98837-4843<\/strong><\/span><\/p>\n<hr data-start=\"303\" data-end=\"306\" \/>\n<h3 data-start=\"308\" data-end=\"339\"><span style=\"font-size: 12pt;\">\ud83d\udd2e <strong data-start=\"315\" data-end=\"339\">Consultas Oraculares Tar\u00f4 ou Baralho Cigano<\/strong><\/span><\/h3>\n<ul data-start=\"340\" data-end=\"488\">\n<li data-start=\"340\" data-end=\"389\">\n<p data-start=\"342\" data-end=\"389\"><a href=\"https:\/\/mpago.la\/18hAkw2\" target=\"_blank\" rel=\"noopener\"><span style=\"font-size: 12pt;\"><strong data-start=\"342\" data-end=\"373\">Consulta Completa \u2013 60 minutos:<\/strong> <strong data-start=\"374\" data-end=\"387\">R$ 120,00<\/strong><\/span><\/a><\/p>\n<\/li>\n<li data-start=\"390\" data-end=\"436\">\n<p data-start=\"392\" data-end=\"436\"><a href=\"https:\/\/mpago.la\/1sWFpmj\" target=\"_blank\" rel=\"noopener\"><span style=\"font-size: 12pt;\"><strong data-start=\"392\" data-end=\"421\">Consulta R\u00e1pida \u2013 30 min:<\/strong> <strong data-start=\"422\" data-end=\"434\">R$ 60,00<\/strong><\/span><\/a><\/p>\n<\/li>\n<li data-start=\"437\" data-end=\"488\">\n<p data-start=\"439\" data-end=\"488\"><a href=\"https:\/\/mpago.la\/2H3GkuN\" target=\"_blank\" rel=\"noopener\"><span style=\"font-size: 12pt;\"><strong data-start=\"439\" data-end=\"475\">Pergunta Objetiva (foto e \u00e1udio):<\/strong> <strong data-start=\"476\" data-end=\"488\">R$ 10,00<\/strong><\/span><\/a><\/p>\n<\/li>\n<\/ul>\n<hr data-start=\"490\" data-end=\"493\" \/>\n<h3 data-start=\"495\" data-end=\"532\"><span style=\"font-size: 12pt;\">\ud83c\udf00 <strong data-start=\"502\" data-end=\"532\">Mesas Radi\u00f4nicas Qu\u00e2nticas<\/strong><\/span><\/h3>\n<ul data-start=\"533\" data-end=\"636\">\n<li data-start=\"533\" data-end=\"594\">\n<p data-start=\"535\" data-end=\"594\"><a href=\"https:\/\/mpago.la\/1ji1Az8\" target=\"_blank\" rel=\"noopener\"><span style=\"font-size: 12pt;\"><strong data-start=\"535\" data-end=\"578\">Sess\u00e3o Individual:<\/strong> <strong data-start=\"579\" data-end=\"592\">R$ 120,00<\/strong><\/span><\/a><\/p>\n<\/li>\n<li data-start=\"595\" data-end=\"636\">\n<p data-start=\"597\" data-end=\"636\"><a href=\"https:\/\/mpago.la\/294wvhN\" target=\"_blank\" rel=\"noopener\"><span style=\"font-size: 12pt;\"><strong data-start=\"597\" data-end=\"622\">Pacote com 2 Sess\u00f5es:<\/strong> <strong data-start=\"623\" data-end=\"636\">R$ 200,00<\/strong><\/span><\/a><\/p>\n<\/li>\n<li data-start=\"595\" data-end=\"636\"><strong><a href=\"https:\/\/mpago.la\/2t7xUr3\" target=\"_blank\" rel=\"noopener\">Div\u00f3rcio Energ\u00e9tico e Espiritual: R$200,00<\/a><\/strong><\/li>\n<\/ul>\n<hr data-start=\"638\" data-end=\"641\" \/>\n<h3 data-start=\"643\" data-end=\"668\"><span style=\"font-size: 12pt;\">\ud83d\udc1a <strong data-start=\"650\" data-end=\"668\">Jogo de B\u00fazios<\/strong><\/span><\/h3>\n<ul data-start=\"669\" data-end=\"759\">\n<li data-start=\"669\" data-end=\"716\">\n<p data-start=\"671\" data-end=\"716\"><a href=\"https:\/\/mpago.la\/1xATVHc\" target=\"_blank\" rel=\"noopener\"><span style=\"font-size: 12pt;\"><strong data-start=\"671\" data-end=\"700\">Sess\u00e3o Completa \u2013 60 minutos:<\/strong>\u00a0<strong data-start=\"701\" data-end=\"714\">R$ 150,00<\/strong><\/span><\/a><\/p>\n<\/li>\n<li data-start=\"717\" data-end=\"759\">\n<p data-start=\"719\" data-end=\"759\"><a href=\"https:\/\/mpago.la\/2q8Dg73\" target=\"_blank\" rel=\"noopener\"><span style=\"font-size: 12pt;\"><strong data-start=\"719\" data-end=\"746\">Sess\u00e3o R\u00e1pida \u2013 30 minutos:<\/strong> <strong data-start=\"747\" data-end=\"759\">R$ 75,00<\/strong><\/span><\/a><\/p>\n<\/li>\n<\/ul>\n<hr data-start=\"761\" data-end=\"764\" \/>\n<h3 data-start=\"766\" data-end=\"808\"><span style=\"font-size: 12pt;\">\ud83d\udd25 <strong data-start=\"773\" data-end=\"808\">Rituais &amp; Trabalhos Energ\u00e9ticos<\/strong><\/span><\/h3>\n<ul data-start=\"809\" data-end=\"856\">\n<li data-start=\"809\" data-end=\"856\">\n<p data-start=\"811\" data-end=\"856\"><a href=\"https:\/\/mpago.la\/1uFb36p\" target=\"_blank\" rel=\"noopener\"><span style=\"font-size: 12pt;\"><strong data-start=\"811\" data-end=\"842\">Ritual com Servidor Astral:<\/strong> <strong data-start=\"843\" data-end=\"856\">R$ 300,00<\/strong><\/span><\/a><\/p>\n<\/li>\n<\/ul>\n<hr data-start=\"858\" data-end=\"861\" \/>\n<h3 data-start=\"863\" data-end=\"894\"><span style=\"font-size: 12pt;\">\ud83c\udf0c <strong data-start=\"870\" data-end=\"894\">Estudos Astrol\u00f3gicos<\/strong><\/span><\/h3>\n<ul data-start=\"895\" data-end=\"942\">\n<li data-start=\"895\" data-end=\"942\">\n<p data-start=\"897\" data-end=\"942\"><a href=\"https:\/\/mpago.la\/2UsUn24\" target=\"_blank\" rel=\"noopener\"><span style=\"font-size: 12pt;\"><strong data-start=\"897\" data-end=\"928\">Mapa Astral Natal + Previs\u00f5es 12 Meses (em PDF):<\/strong> <strong data-start=\"929\" data-end=\"942\">R$ 300,00<\/strong><\/span><\/a><\/p>\n<\/li>\n<\/ul>\n<hr data-start=\"944\" data-end=\"947\" \/>\n<h3 data-start=\"949\" data-end=\"981\"><span style=\"font-size: 12pt;\">\ud83e\udde0 <strong data-start=\"956\" data-end=\"981\">Terapias Integrativas<\/strong><\/span><\/h3>\n<ul data-start=\"982\" data-end=\"1024\">\n<li data-start=\"982\" data-end=\"1024\">\n<p data-start=\"984\" data-end=\"1024\"><a href=\"https:\/\/mpago.la\/1KSZYeD\" target=\"_blank\" rel=\"noopener\"><span style=\"font-size: 12pt;\"><strong data-start=\"984\" data-end=\"1010\">4 Sess\u00f5es de Psican\u00e1lise com Atividade Pr\u00e1tica:<\/strong> <strong data-start=\"1011\" data-end=\"1024\">R$ 400,00<\/strong><\/span><\/a><\/p>\n<\/li>\n<\/ul>\n<hr data-start=\"1026\" data-end=\"1029\" \/>\n<p data-start=\"1031\" data-end=\"1201\" data-is-last-node=\"\" data-is-only-node=\"\"><span style=\"color: #ff0000;\"><em><strong>*Para pagamentos internacionais via Paypal ou Wise h\u00e1 um acr\u00e9scimo de 10%.<\/strong><\/em><\/span><\/p>\n","protected":false},"excerpt":{"rendered":"<p>Evandro Legramonte \u2013 Terapeuta Hol\u00edstico &amp; Tar\u00f3logo\ud83d\udcf1 WhatsApp: (16) 98837-4843 \ud83d\udd2e Consultas Oraculares Tar\u00f4 ou Baralho Cigano Consulta Completa \u2013 60 minutos: R$ 120,00 Consulta R\u00e1pida \u2013 30 min: R$ 60,00 Pergunta Objetiva (foto e \u00e1udio): R$ 10,00 \ud83c\udf00 Mesas Radi\u00f4nicas Qu\u00e2nticas Sess\u00e3o Individual: R$ 120,00 Pacote com 2 Sess\u00f5es: R$ 200,00 Div\u00f3rcio Energ\u00e9tico e [&hellip;]<\/p>\n","protected":false},"author":1,"featured_media":0,"parent":0,"menu_order":0,"comment_status":"closed","ping_status":"closed","template":"","meta":{"footnotes":""},"class_list":["post-362","page","type-page","status-publish","hentry"],"_links":{"self":[{"href":"https:\/\/legramonte.com.br\/index.php\/wp-json\/wp\/v2\/pages\/362","targetHints":{"allow":["GET"]}}],"collection":[{"href":"https:\/\/legramonte.com.br\/index.php\/wp-json\/wp\/v2\/pages"}],"about":[{"href":"https:\/\/legramonte.com.br\/index.php\/wp-json\/wp\/v2\/types\/page"}],"author":[{"embeddable":true,"href":"https:\/\/legramonte.com.br\/index.php\/wp-json\/wp\/v2\/users\/1"}],"replies":[{"embeddable":true,"href":"https:\/\/legramonte.com.br\/index.php\/wp-json\/wp\/v2\/comments?post=362"}],"version-history":[{"count":58,"href":"https:\/\/legramonte.com.br\/index.php\/wp-json\/wp\/v2\/pages\/362\/revisions"}],"predecessor-version":[{"id":1264,"href":"https:\/\/legramonte.com.br\/index.php\/wp-json\/wp\/v2\/pages\/362\/revisions\/1264"}],"wp:attachment":[{"href":"https:\/\/legramonte.com.br\/index.php\/wp-json\/wp\/v2\/media?parent=362"}],"curies":[{"name":"wp","href":"https:\/\/api.w.org\/{rel}","templated":true}]}}